{"id":776,"date":"2018-04-13T15:45:31","date_gmt":"2018-04-13T13:45:31","guid":{"rendered":"http:\/\/www.vinipichierri.com\/cookie-policy\/"},"modified":"2018-04-13T15:45:31","modified_gmt":"2018-04-13T13:45:31","slug":"cookie-policy","status":"publish","type":"page","link":"https:\/\/www.vinipichierri.com\/en\/cookie-policy\/","title":{"rendered":"Cookie Policy"},"content":{"rendered":"<p>I cookie sono piccoli file di testo memorizzati sul computer dell\u2019utente dai siti web. A seguito delle novit\u00e0 apportate dalla Direttiva 2009\/136\/CE sulla Privacy e le Comunicazioni Elettroniche, recepita dal D.Lgs. 28\/5\/2012, n. 69, ora \u00e8 illegale utilizzare i cookie per raccogliere informazioni sugli utenti senza averne ottenuto prima il consenso.<\/p>\n<p><strong><b>Come usiamo i cookie<\/b><\/strong><\/p>\n<p>Utilizziamo i cookie per una serie di motivi illustrati qui di seguito. Purtroppo, nella maggior parte dei casi non ci sono procedure standard per la disabilitazione dei cookie senza disattivare completamente le funzionalit\u00e0 e le caratteristiche aggiuntive del sito. Si consiglia di lasciare tutti i cookie attivi, se non siete sicuri.<\/p>\n<p><strong><b>Disattivazione Cookies<\/b><\/strong><\/p>\n<p>\u00c8 possibile impedire l\u2019utilizzo dei cookie modificando le impostazioni del browser (vedere la guida del proprio browser su come procedere). Siate consapevoli del fatto che la disattivazione dei cookie influenzer\u00e0 le funzionalit\u00e0 di questo e di molti altri siti web che si visita. La disabilitazione dei cookies di solito<br \/>\ncausa l\u2019interruzione di alcune funzionalit\u00e0 e caratteristiche del sito. Pertanto si consiglia di non disattivare i cookie.<\/p>\n<p>Perch\u00e9 il sito Abitare &amp; Co utilizza i cookie<br \/>\nil sito Abitare &amp; Co utilizza i cookie per numerosi motivi. Alcuni cookie sono essenziali, in quanto non sarebbe possibile, per esempio, acquistare i prodotti senza il loro impiego.<br \/>\nil sito Abitare &amp; Co \u00e8 sempre alla ricerca di modi per migliorare il suo sito web e facilitare all\u2019utente la raccolta di informazioni sui suoi prodotti. A tale scopo, \u00e8 importante peril sito Abitare &amp; Co comprendere come<br \/>\ngli utenti utilizzano il suo sito web.<\/p>\n<p>I cookie aiutano inoltre il sito Abitare &amp; Co a offrire all\u2019utente un\u2019esperienza migliore e pi\u00f9 ricca; ad esempio, se trova qualcosa di interessante, \u00e8 possibile che l\u2019utente desideri segnalarlo su Facebook o Twitter e i cookie agevolano tale operazione.<\/p>\n<p>il sito Abitare &amp; Co ha classificato i cookie che utilizza in base al tipo di impiego, nelle categorie Essenziali, Statistici, Funzionali e Tracciamento.<\/p>\n<p><strong><b>Modalit\u00e0 di notifica all\u2019utente e di ottenimento del suo consenso<\/b><\/strong><\/p>\n<p>Quando si visita per la prima volta il sito web il sito Abitare &amp; Co, viene visualizzato un banner nella parte<br \/>\ninferiore dello schermo per informare che il sito Abitare &amp; Co utilizza i cookie descritti nella presente policy. Il banner richiede all\u2019utente se desidera ulteriori informazioni e contiene un collegamento per aprire la pagina corrispondente. Qualora si decida di ignorare la notifica e si continui a utilizzare il sito web, il sito Abitare &amp; Co memorizzer\u00e0 un cookie sul computer dell\u2019utente per registrare tale scelta e la successiva navigazione del sito web verr\u00e0 considerata un consenso all\u2019utilizzo dei cookie utilizzati sul sito web in questione.<\/p>\n<p>Qualora si decidesse di rimuovere parzialmente o totalmente i cookie, \u00e8 bene ricordare che l\u2019utilizzo del sito web pu\u00f2 essere influenzato dalla rimozione dei cookie e, se il computer sul quale si disattivano i cookie \u00e8 condiviso, tale rimozione influir\u00e0 su tutti gli utenti che impiegano tale computer.<\/p>\n<p>Garante per la Protezione dei dati Personali:<br \/>\nhttp:\/\/www.garanteprivacy.it\/web\/guest\/home\/docweb\/-\/docweb-display\/docweb\/2145979<\/p>\n<p>il sito Abitare &amp; Co non \u00e8 responsabile del contenuto di siti web esterni di terzi che possono impostare o non impostare cookie.<\/p>\n<p><strong><b>Tipi di cookie di il sito Abitare &amp; Co<\/b><\/strong><\/p>\n<p>Essenziali<\/p>\n<p>Alcuni siti, come questo sito web (dove il consumatore ha a disposizione un carrello) semplicemente non funzionano senza l\u2019impiego dei cookie e la loro rimozione comprometterebbe gravemente non soltanto l\u2019esperienza dell\u2019utente sul sito, ma anche la capacit\u00e0 di eseguire operazioni utili quali l\u2019aggiunta di articoli al carrello e il completamento della fase di check-out. Alcuni siti web come per Abitare &amp; Co hanno aree protette che \u00e8 necessario riconoscere durante la navigazione dell\u2019utente sul sito web.<\/p>\n<p>Ai sensi della Direttiva dell\u2019UE i cookie che sono essenziali per l\u2019impiego di un sito web possono essere utilizzati anche senza consenso; tuttavia il sito Abitare &amp; Co desidera fornire agli utenti tutte le informazioni a disposizione.<\/p>\n<p>il sito Abitare &amp; Co utilizza i cookie Essenziali per le seguenti finalit\u00e0:<br \/>\nRicordare cosa \u00e8 stato ordinato dall\u2019utente quando apre altre pagine in un\u2019unica visita<br \/>\nRicordare i beni e i servizi ordinati quando l\u2019utente passa alla pagina di check-out<br \/>\nIdentificare che l\u2019utente ha effettuato l\u2019accesso<br \/>\nI cookie che il sito Abitare &amp; Co ha definito come Essenziali NON verranno utilizzati per:<br \/>\nRaccogliere informazioni che potrebbero essere utilizzate per pubblicizzare prodotti o servizi all\u2019utente<br \/>\nRicordare le preferenze o il nome utente dopo la visita in corso<\/p>\n<p>Statistici<\/p>\n<p>I cookie Statistici raccolgono informazioni sulle modalit\u00e0 di impiego del sito web da parte dell\u2019utente, ad<br \/>\nesempio: quali pagine vengono visitate e gli errori che \u00e8 possibile riscontrare. Tali cookie sono assolutamente anonimi e vengono utilizzati soltanto per aiutare il sito Abitare &amp; Co a migliorare il funzionamento del suo sito web e a comprendere gli interessi degli utenti.<br \/>\nil sito Abitare &amp; Co utilizza i cookie Statistici per le seguenti finalit\u00e0:<br \/>\nOttenere statistiche sulle modalit\u00e0 di utilizzo del suo sito web<br \/>\nContribuire al miglioramento del sito web grazie alla misurazione degli eventuali errori che si verificano<\/p>\n<p>I cookie che sono stati definiti come Statistici NON verranno utilizzati per:<br \/>\nRaccogliere informazioni che potrebbero essere utilizzate per pubblicizzare prodotti o servizi all\u2019utente su altri siti web<br \/>\nTalvolta, alcuni di questi cookie sono gestiti per conto di il sito Abitare &amp; Co da terzi, ma il sito Abitare &amp; Co non consente a tali terzi di utilizzare i cookie per scopi diversi da quelli sopra elencati.<\/p>\n<p>Funzionali<\/p>\n<p>I cookie Funzionali vengono utilizzati per fornire servizi o ricordare le impostazioni allo scopo di migliorare la visita e l\u2019esperienza dell\u2019utente sui siti web il sito Abitare &amp; Co.<br \/>\nil sito Abitare &amp; Co utilizza i cookie Funzionali per:<br \/>\nMostrare all\u2019utente quando ha effettuato l\u2019accesso al sito web<br \/>\nCondividere informazioni con i partner per fornire un servizio sul sito web il sito Abitare &amp; Co.<\/p>\n<p>Le informazioni condivise vengono utilizzate esclusivamente per fornire il servizio, il prodotto o la funzionalit\u00e0 e mai per altri scopi<\/p>\n<p>I cookie definiti come Funzionali NON verranno utilizzati per:<br \/>\nIndirizzare all\u2019utente pubblicit\u00e0 di altri siti web<br \/>\nAlcuni di tali cookie sono gestiti per conto di il sito Abitare &amp; Co da terzi. In tal caso, il sito Abitare &amp; Co non consente a tali terzi di utilizzare i cookie per scopi diversi da quelli sopra elencati.<\/p>\n<p>Tracciamento<\/p>\n<p>I cookie di Tracciamento sono collegati ai servizi forniti da terzi, ad esempio i pulsanti \u201cMi piace\u201d e \u201cCondividi\u201d e il monitoraggio dell\u2019efficacia della pubblicit\u00e0. Tali servizi vengono forniti da terzi in cambio del riconoscimento che il sito web il sito Abitare &amp; Co \u00e8 stato visitato dall\u2019utente.<\/p>\n<p>il sito Abitare &amp; Co utilizza i cookie di Tracciamento per collegarsi ai social network come Facebook, i quali possono successivamente utilizzare le informazioni sulla visita dell\u2019utente per inviare pubblicit\u00e0 mirate di altri siti web.<\/p>\n<p><strong><b>Cookie<\/b><\/strong> <strong><b>third-party<\/b><\/strong><\/p>\n<p>Navigando il sito web di il sito Abitare &amp; Co si possono ricevere cookie da siti di altre aziende (terze parti), dati ad esempio dalla presenza dei social plugin per Facebook e Gooogle+ e da altri servizi come Google Analytics e Google Maps.<\/p>\n<p>La presenza di questi plugin comporta la trasmissione di cookie da e verso i siti gestiti da terze parti. La gestione delle informazioni raccolte da terze parti \u00e8 disciplinata dalle diverse informative consultabili nei seguenti link:<\/p>\n<p>Facebook informativa sui cookie: <a href=\"https:\/\/www.facebook.com\/help\/cookies\/\"><span lang=\"zxx\">https:\/\/www.facebook.com\/help\/cookies\/<\/span><\/a><br \/>\nFacebook gestione dei cookie: Sezione privacy del proprio account<br \/>\nTwitter informativa: <a href=\"https:\/\/support.twitter.com\/articles\/20170514\"><span lang=\"zxx\">https:\/\/support.twitter.com\/articles\/20170514<\/span><\/a><br \/>\nTwitter gestione dei cookie: Sezione sicurezza e privacy del proprio account<br \/>\nGoogle+ informativa: <a href=\"http:\/\/www.google.it\/intl\/it\/policies\/technologies\/cookies\/\"><span lang=\"zxx\">http:\/\/www.google.it\/intl\/it\/policies\/technologies\/cookies\/<\/span><\/a><br \/>\nGoogle+ gestione dei cookie: <a href=\"http:\/\/www.google.it\/intl\/it\/policies\/technologies\/managing\/\"><span lang=\"zxx\">http:\/\/www.google.it\/intl\/it\/policies\/technologies\/managing\/<\/span><\/a><\/p>\n<p>Google Analytics utilizza i \u201ccookie\u201d per raccogliere e analizzare in forma anonima le informazioni sul comportamento di utilizzo del sito web di il sito Abitare &amp; Co (compreso l\u2019indirizzo IP dell\u2019utente). Tali informazioni vengono raccolte da Google Analytics che le elabora allo scopo di redigere report statistici per il sito Abitare &amp; Co riguardanti le attivit\u00e0 sul sito web. Questo sito non utilizza, e non consente a terzi di utilizzare, lo strumento di analisi di Google per monitorare o per raccogliere informazioni personali di identificazione. Google non associa l\u2019indirizzo IP a nessun altro dato posseduto da Google n\u00e9 cerca di collegare un indirizzo IP con l\u2019identit\u00e0 di un utente. Google pu\u00f2 anche comunicare queste informazioni a terzi ove ci\u00f2 sia imposto dalla legge o laddove tali terzi trattino le suddette informazioni per conto di Google. Per ulteriori informazioni si rinvia al link di seguito indicato: <a href=\"https:\/\/www.google.it\/policies\/privacy\/partners\/\"><span lang=\"zxx\">https:\/\/www.google.it\/policies\/privacy\/partners\/<\/span><\/a><br \/>\nL\u2019utente pu\u00f2 disabilitare in modo selettivo l\u2019azione di Google Analytics installando sul proprio browser la componente di opt-out fornito da Google. Per disabilitare l\u2019azione di Google Analytics si rinvia al link di seguito indicato: <a href=\"https:\/\/tools.google.com\/dlpage\/gaoptout\"><span lang=\"zxx\">https:\/\/tools.google.com\/dlpage\/gaoptout<\/span><\/a><\/p>\n<p><strong><b>Cookie utilizzati sul sito web<\/b><\/strong><\/p>\n<p>Cookie di Google:<\/p>\n<ul>\n<li>_gat, cookie di tracciamento di terze parti, durata 10 minuti (utilizzato per l\u2019analisi delle visite) ;<\/li>\n<li>_ga, persistente, cookie di tracciamento di terze parti, durata 2 anni (utilizzato per distinguere gli utenti).<\/li>\n<\/ul>\n<p>Altri cookie utilizzati sul sito Abitare &amp; Co:<\/p>\n<ul>\n<li>Sessione, scade al termine della navigazione del sito web;<\/li>\n<li>Paypal.com, cookie di tracciamento di terze parti, utilizzato per i pagamenti;<\/li>\n<li>Facebook, cookie persistente<\/li>\n<\/ul>\n<p><strong><b>Gestione dei cookie attraverso il proprio browser:<\/b><\/strong><\/p>\n<p>Gli utenti possono decidere tramite le impostazioni del proprio browser se accettare o meno i cookie.<\/p>\n<p>Ecco come disabilitare i cookie nei browser pi\u00f9 comuni:<\/p>\n<ul>\n<li>Firefox:<a href=\"https:\/\/support.mozilla.org\/it\/kb\/Gestione%20dei%20cookie\"><span lang=\"zxx\">https:\/\/support.mozilla.org\/it\/kb\/Gestione%20dei%20cookie<\/span><\/a><\/li>\n<li>Chrome:<a href=\"https:\/\/support.google.com\/chrome\/answer\/95647?hl=it\"><span lang=\"zxx\">https:\/\/support.google.com\/chrome\/answer\/95647?hl=it<\/span><\/a><\/li>\n<li>Internet Explorer: <span lang=\"zxx\">http:\/\/windows.microsoft.com\/it-it\/internet-explorer\/delete-manage-cookies#ie=ie-11<\/span><\/li>\n<li>Opera:<a href=\"http:\/\/help.opera.com\/Windows\/10.00\/it\/cookies.html\"><span lang=\"zxx\">http:\/\/help.opera.com\/Windows\/10.00\/it\/cookies.html<\/span><\/a><\/li>\n<li>Safari: <a href=\"http:\/\/support.apple.com\/kb\/HT1677?viewlocale=it_IT\"><span lang=\"zxx\">http:\/\/support.apple.com\/kb\/HT1677?viewlocale=it_IT<\/span><\/a><\/li>\n<li>Microsoft Edge: <a href=\"https:\/\/privacy.microsoft.com\/it-IT\/windows-10-microsoft-edge-and-privacy\"><span lang=\"zxx\">https:\/\/privacy.microsoft.com\/it-IT\/windows-10-microsoft-edge-and-privacy<\/span><\/a><\/li>\n<\/ul>\n<p><strong><b>Maggiori Informazioni<\/b><\/strong><br \/>\nPer maggiori informazioni usate i contatti presenti sul sito.<\/p>\n","protected":false},"excerpt":{"rendered":"<p>I cookie sono piccoli file di testo memorizzati sul computer dell\u2019utente dai siti web. A seguito delle novit\u00e0 apportate dalla Direttiva 2009\/136\/CE sulla Privacy e le<span class=\"excerpt-hellip\"> [\u2026]<\/span><\/p>\n","protected":false},"author":1,"featured_media":0,"parent":0,"menu_order":0,"comment_status":"closed","ping_status":"closed","template":"","meta":[],"yoast_head":"<!-- This site is optimized with the Yoast SEO plugin v18.4.1 - https:\/\/yoast.com\/wordpress\/plugins\/seo\/ -->\n<title>Cookie Policy - Vinicola Savese Pichierri<\/title>\n<meta name=\"robots\" content=\"index, follow, max-snippet:-1, max-image-preview:large, max-video-preview:-1\" \/>\n<link rel=\"canonical\" href=\"https:\/\/www.vinipichierri.com\/en\/cookie-policy\/\" \/>\n<meta property=\"og:locale\" content=\"en_US\" \/>\n<meta property=\"og:type\" content=\"article\" \/>\n<meta property=\"og:title\" content=\"Cookie Policy - Vinicola Savese Pichierri\" \/>\n<meta property=\"og:description\" content=\"I cookie sono piccoli file di testo memorizzati sul computer dell\u2019utente dai siti web. A seguito delle novit\u00e0 apportate dalla Direttiva 2009\/136\/CE sulla Privacy e le [\u2026]\" \/>\n<meta property=\"og:url\" content=\"https:\/\/www.vinipichierri.com\/en\/cookie-policy\/\" \/>\n<meta property=\"og:site_name\" content=\"Vinicola Savese Pichierri\" \/>\n<meta name=\"twitter:card\" content=\"summary_large_image\" \/>\n<meta name=\"twitter:label1\" content=\"Est. reading time\" \/>\n\t<meta name=\"twitter:data1\" content=\"8 minutes\" \/>\n<script type=\"application\/ld+json\" class=\"yoast-schema-graph\">{\"@context\":\"https:\/\/schema.org\",\"@graph\":[{\"@type\":\"WebSite\",\"@id\":\"https:\/\/www.vinipichierri.com\/#website\",\"url\":\"https:\/\/www.vinipichierri.com\/\",\"name\":\"Vinicola Savese Pichierri\",\"description\":\"Artigiani del Primitivo\",\"potentialAction\":[{\"@type\":\"SearchAction\",\"target\":{\"@type\":\"EntryPoint\",\"urlTemplate\":\"https:\/\/www.vinipichierri.com\/?s={search_term_string}\"},\"query-input\":\"required name=search_term_string\"}],\"inLanguage\":\"en-US\"},{\"@type\":\"WebPage\",\"@id\":\"https:\/\/www.vinipichierri.com\/en\/cookie-policy\/#webpage\",\"url\":\"https:\/\/www.vinipichierri.com\/en\/cookie-policy\/\",\"name\":\"Cookie Policy - Vinicola Savese Pichierri\",\"isPartOf\":{\"@id\":\"https:\/\/www.vinipichierri.com\/#website\"},\"datePublished\":\"2018-04-13T13:45:31+00:00\",\"dateModified\":\"2018-04-13T13:45:31+00:00\",\"breadcrumb\":{\"@id\":\"https:\/\/www.vinipichierri.com\/en\/cookie-policy\/#breadcrumb\"},\"inLanguage\":\"en-US\",\"potentialAction\":[{\"@type\":\"ReadAction\",\"target\":[\"https:\/\/www.vinipichierri.com\/en\/cookie-policy\/\"]}]},{\"@type\":\"BreadcrumbList\",\"@id\":\"https:\/\/www.vinipichierri.com\/en\/cookie-policy\/#breadcrumb\",\"itemListElement\":[{\"@type\":\"ListItem\",\"position\":1,\"name\":\"Home\",\"item\":\"https:\/\/www.vinipichierri.com\/en\/\"},{\"@type\":\"ListItem\",\"position\":2,\"name\":\"Cookie Policy\"}]}]}<\/script>\n<!-- \/ Yoast SEO plugin. -->","yoast_head_json":{"title":"Cookie Policy - Vinicola Savese Pichierri","robots":{"index":"index","follow":"follow","max-snippet":"max-snippet:-1","max-image-preview":"max-image-preview:large","max-video-preview":"max-video-preview:-1"},"canonical":"https:\/\/www.vinipichierri.com\/en\/cookie-policy\/","og_locale":"en_US","og_type":"article","og_title":"Cookie Policy - Vinicola Savese Pichierri","og_description":"I cookie sono piccoli file di testo memorizzati sul computer dell\u2019utente dai siti web. A seguito delle novit\u00e0 apportate dalla Direttiva 2009\/136\/CE sulla Privacy e le [\u2026]","og_url":"https:\/\/www.vinipichierri.com\/en\/cookie-policy\/","og_site_name":"Vinicola Savese Pichierri","twitter_card":"summary_large_image","twitter_misc":{"Est. reading time":"8 minutes"},"schema":{"@context":"https:\/\/schema.org","@graph":[{"@type":"WebSite","@id":"https:\/\/www.vinipichierri.com\/#website","url":"https:\/\/www.vinipichierri.com\/","name":"Vinicola Savese Pichierri","description":"Artigiani del Primitivo","potentialAction":[{"@type":"SearchAction","target":{"@type":"EntryPoint","urlTemplate":"https:\/\/www.vinipichierri.com\/?s={search_term_string}"},"query-input":"required name=search_term_string"}],"inLanguage":"en-US"},{"@type":"WebPage","@id":"https:\/\/www.vinipichierri.com\/en\/cookie-policy\/#webpage","url":"https:\/\/www.vinipichierri.com\/en\/cookie-policy\/","name":"Cookie Policy - Vinicola Savese Pichierri","isPartOf":{"@id":"https:\/\/www.vinipichierri.com\/#website"},"datePublished":"2018-04-13T13:45:31+00:00","dateModified":"2018-04-13T13:45:31+00:00","breadcrumb":{"@id":"https:\/\/www.vinipichierri.com\/en\/cookie-policy\/#breadcrumb"},"inLanguage":"en-US","potentialAction":[{"@type":"ReadAction","target":["https:\/\/www.vinipichierri.com\/en\/cookie-policy\/"]}]},{"@type":"BreadcrumbList","@id":"https:\/\/www.vinipichierri.com\/en\/cookie-policy\/#breadcrumb","itemListElement":[{"@type":"ListItem","position":1,"name":"Home","item":"https:\/\/www.vinipichierri.com\/en\/"},{"@type":"ListItem","position":2,"name":"Cookie Policy"}]}]}},"_links":{"self":[{"href":"https:\/\/www.vinipichierri.com\/en\/wp-json\/wp\/v2\/pages\/776"}],"collection":[{"href":"https:\/\/www.vinipichierri.com\/en\/wp-json\/wp\/v2\/pages"}],"about":[{"href":"https:\/\/www.vinipichierri.com\/en\/wp-json\/wp\/v2\/types\/page"}],"author":[{"embeddable":true,"href":"https:\/\/www.vinipichierri.com\/en\/wp-json\/wp\/v2\/users\/1"}],"replies":[{"embeddable":true,"href":"https:\/\/www.vinipichierri.com\/en\/wp-json\/wp\/v2\/comments?post=776"}],"version-history":[{"count":0,"href":"https:\/\/www.vinipichierri.com\/en\/wp-json\/wp\/v2\/pages\/776\/revisions"}],"wp:attachment":[{"href":"https:\/\/www.vinipichierri.com\/en\/wp-json\/wp\/v2\/media?parent=776"}],"curies":[{"name":"wp","href":"https:\/\/api.w.org\/{rel}","templated":true}]}}